{"id":927,"date":"2020-05-09T21:26:11","date_gmt":"2020-05-09T21:26:11","guid":{"rendered":"http:\/\/ltecnologia.com.br\/blog\/newsletter\/"},"modified":"2020-05-09T21:26:11","modified_gmt":"2020-05-09T21:26:11","slug":"newsletter","status":"publish","type":"page","link":"https:\/\/ltecnologia.com.br\/blog\/newsletter\/","title":{"rendered":"Newsletter"},"content":{"rendered":"<div class=\"tnp tnp-subscription \">\n<form method=\"post\" action=\"https:\/\/ltecnologia.com.br\/blog\/wp-admin\/admin-ajax.php?action=tnp&amp;na=s\">\n<input type=\"hidden\" name=\"nlang\" value=\"\">\n<div class=\"tnp-field tnp-field-email\"><label for=\"tnp-1\">Email<\/label>\n<input class=\"tnp-email\" type=\"email\" name=\"ne\" id=\"tnp-1\" value=\"\" placeholder=\"\" required><\/div>\n<div class=\"tnp-field tnp-field-button\" style=\"text-align: left\"><input class=\"tnp-submit\" type=\"submit\" value=\"Assinar\" style=\"\">\n<\/div>\n<\/form>\n<\/div>\n\n","protected":false},"excerpt":{"rendered":"","protected":false},"author":1,"featured_media":0,"parent":0,"menu_order":0,"comment_status":"closed","ping_status":"closed","template":"","meta":{"jetpack_post_was_ever_published":false,"footnotes":""},"class_list":["post-927","page","type-page","status-publish","hentry"],"yoast_head":"<!-- This site is optimized with the Yoast SEO plugin v22.6 - https:\/\/yoast.com\/wordpress\/plugins\/seo\/ -->\n<title>Newsletter - Luan Oliveira<\/title>\n<meta name=\"robots\" content=\"index, follow, max-snippet:-1, max-image-preview:large, max-video-preview:-1\" \/>\n<link rel=\"canonical\" href=\"http:\/\/ltecnologia.com.br\/blog\/newsletter\/\" \/>\n<meta property=\"og:locale\" content=\"pt_BR\" \/>\n<meta property=\"og:type\" content=\"article\" \/>\n<meta property=\"og:title\" content=\"Newsletter - Luan Oliveira\" \/>\n<meta property=\"og:url\" content=\"http:\/\/ltecnologia.com.br\/blog\/newsletter\/\" \/>\n<meta property=\"og:site_name\" content=\"Luan Oliveira\" \/>\n<meta name=\"twitter:card\" content=\"summary_large_image\" \/>\n<script type=\"application\/ld+json\" class=\"yoast-schema-graph\">{\"@context\":\"https:\/\/schema.org\",\"@graph\":[{\"@type\":\"WebPage\",\"@id\":\"http:\/\/ltecnologia.com.br\/blog\/newsletter\/\",\"url\":\"http:\/\/ltecnologia.com.br\/blog\/newsletter\/\",\"name\":\"Newsletter - Luan Oliveira\",\"isPartOf\":{\"@id\":\"http:\/\/ltecnologia.com.br\/blog\/#website\"},\"datePublished\":\"2020-05-09T21:26:11+00:00\",\"dateModified\":\"2020-05-09T21:26:11+00:00\",\"breadcrumb\":{\"@id\":\"http:\/\/ltecnologia.com.br\/blog\/newsletter\/#breadcrumb\"},\"inLanguage\":\"pt-BR\",\"potentialAction\":[{\"@type\":\"ReadAction\",\"target\":[\"http:\/\/ltecnologia.com.br\/blog\/newsletter\/\"]}]},{\"@type\":\"BreadcrumbList\",\"@id\":\"http:\/\/ltecnologia.com.br\/blog\/newsletter\/#breadcrumb\",\"itemListElement\":[{\"@type\":\"ListItem\",\"position\":1,\"name\":\"In\u00edcio\",\"item\":\"http:\/\/ltecnologia.com.br\/blog\/\"},{\"@type\":\"ListItem\",\"position\":2,\"name\":\"Newsletter\"}]},{\"@type\":\"WebSite\",\"@id\":\"http:\/\/ltecnologia.com.br\/blog\/#website\",\"url\":\"http:\/\/ltecnologia.com.br\/blog\/\",\"name\":\"Luan Oliveira\",\"description\":\"Linux | Programa\u00e7\u00e3o | Seguran\u00e7a\",\"publisher\":{\"@id\":\"http:\/\/ltecnologia.com.br\/blog\/#\/schema\/person\/b692f08d20eee7bee61862cf98a2cb40\"},\"potentialAction\":[{\"@type\":\"SearchAction\",\"target\":{\"@type\":\"EntryPoint\",\"urlTemplate\":\"http:\/\/ltecnologia.com.br\/blog\/?s={search_term_string}\"},\"query-input\":\"required name=search_term_string\"}],\"inLanguage\":\"pt-BR\"},{\"@type\":[\"Person\",\"Organization\"],\"@id\":\"http:\/\/ltecnologia.com.br\/blog\/#\/schema\/person\/b692f08d20eee7bee61862cf98a2cb40\",\"name\":\"Luan Oliveira\",\"image\":{\"@type\":\"ImageObject\",\"inLanguage\":\"pt-BR\",\"@id\":\"http:\/\/ltecnologia.com.br\/blog\/#\/schema\/person\/image\/\",\"url\":\"https:\/\/secure.gravatar.com\/avatar\/f333f4f98204ee523e984e240be5b77b?s=96&d=retro&r=g\",\"contentUrl\":\"https:\/\/secure.gravatar.com\/avatar\/f333f4f98204ee523e984e240be5b77b?s=96&d=retro&r=g\",\"caption\":\"Luan Oliveira\"},\"logo\":{\"@id\":\"http:\/\/ltecnologia.com.br\/blog\/#\/schema\/person\/image\/\"},\"description\":\"Me chamo Luan Oliveira, P\u00f3s-graduado em Projetos e Arquitetura de Cloud Computing e bacharel em Sistemas de Informa\u00e7\u00e3o pela UFPA. Atualmente, trabalho como Analista de Sistemas na For\u00e7a A\u00e9rea Brasileira.\",\"sameAs\":[\"http:\/\/www.ltecnologia.com.br\"]}]}<\/script>\n<!-- \/ Yoast SEO plugin. -->","yoast_head_json":{"title":"Newsletter - Luan Oliveira","robots":{"index":"index","follow":"follow","max-snippet":"max-snippet:-1","max-image-preview":"max-image-preview:large","max-video-preview":"max-video-preview:-1"},"canonical":"http:\/\/ltecnologia.com.br\/blog\/newsletter\/","og_locale":"pt_BR","og_type":"article","og_title":"Newsletter - Luan Oliveira","og_url":"http:\/\/ltecnologia.com.br\/blog\/newsletter\/","og_site_name":"Luan Oliveira","twitter_card":"summary_large_image","schema":{"@context":"https:\/\/schema.org","@graph":[{"@type":"WebPage","@id":"http:\/\/ltecnologia.com.br\/blog\/newsletter\/","url":"http:\/\/ltecnologia.com.br\/blog\/newsletter\/","name":"Newsletter - Luan Oliveira","isPartOf":{"@id":"http:\/\/ltecnologia.com.br\/blog\/#website"},"datePublished":"2020-05-09T21:26:11+00:00","dateModified":"2020-05-09T21:26:11+00:00","breadcrumb":{"@id":"http:\/\/ltecnologia.com.br\/blog\/newsletter\/#breadcrumb"},"inLanguage":"pt-BR","potentialAction":[{"@type":"ReadAction","target":["http:\/\/ltecnologia.com.br\/blog\/newsletter\/"]}]},{"@type":"BreadcrumbList","@id":"http:\/\/ltecnologia.com.br\/blog\/newsletter\/#breadcrumb","itemListElement":[{"@type":"ListItem","position":1,"name":"In\u00edcio","item":"http:\/\/ltecnologia.com.br\/blog\/"},{"@type":"ListItem","position":2,"name":"Newsletter"}]},{"@type":"WebSite","@id":"http:\/\/ltecnologia.com.br\/blog\/#website","url":"http:\/\/ltecnologia.com.br\/blog\/","name":"Luan Oliveira","description":"Linux | Programa\u00e7\u00e3o | Seguran\u00e7a","publisher":{"@id":"http:\/\/ltecnologia.com.br\/blog\/#\/schema\/person\/b692f08d20eee7bee61862cf98a2cb40"},"potentialAction":[{"@type":"SearchAction","target":{"@type":"EntryPoint","urlTemplate":"http:\/\/ltecnologia.com.br\/blog\/?s={search_term_string}"},"query-input":"required name=search_term_string"}],"inLanguage":"pt-BR"},{"@type":["Person","Organization"],"@id":"http:\/\/ltecnologia.com.br\/blog\/#\/schema\/person\/b692f08d20eee7bee61862cf98a2cb40","name":"Luan Oliveira","image":{"@type":"ImageObject","inLanguage":"pt-BR","@id":"http:\/\/ltecnologia.com.br\/blog\/#\/schema\/person\/image\/","url":"https:\/\/secure.gravatar.com\/avatar\/f333f4f98204ee523e984e240be5b77b?s=96&d=retro&r=g","contentUrl":"https:\/\/secure.gravatar.com\/avatar\/f333f4f98204ee523e984e240be5b77b?s=96&d=retro&r=g","caption":"Luan Oliveira"},"logo":{"@id":"http:\/\/ltecnologia.com.br\/blog\/#\/schema\/person\/image\/"},"description":"Me chamo Luan Oliveira, P\u00f3s-graduado em Projetos e Arquitetura de Cloud Computing e bacharel em Sistemas de Informa\u00e7\u00e3o pela UFPA. Atualmente, trabalho como Analista de Sistemas na For\u00e7a A\u00e9rea Brasileira.","sameAs":["http:\/\/www.ltecnologia.com.br"]}]}},"jetpack_sharing_enabled":true,"jetpack_shortlink":"https:\/\/wp.me\/P6BRyf-eX","_links":{"self":[{"href":"https:\/\/ltecnologia.com.br\/blog\/wp-json\/wp\/v2\/pages\/927","targetHints":{"allow":["GET"]}}],"collection":[{"href":"https:\/\/ltecnologia.com.br\/blog\/wp-json\/wp\/v2\/pages"}],"about":[{"href":"https:\/\/ltecnologia.com.br\/blog\/wp-json\/wp\/v2\/types\/page"}],"author":[{"embeddable":true,"href":"https:\/\/ltecnologia.com.br\/blog\/wp-json\/wp\/v2\/users\/1"}],"replies":[{"embeddable":true,"href":"https:\/\/ltecnologia.com.br\/blog\/wp-json\/wp\/v2\/comments?post=927"}],"version-history":[{"count":0,"href":"https:\/\/ltecnologia.com.br\/blog\/wp-json\/wp\/v2\/pages\/927\/revisions"}],"wp:attachment":[{"href":"https:\/\/ltecnologia.com.br\/blog\/wp-json\/wp\/v2\/media?parent=927"}],"curies":[{"name":"wp","href":"https:\/\/api.w.org\/{rel}","templated":true}]}}