{"id":1087,"date":"2021-09-28T14:02:30","date_gmt":"2021-09-28T14:02:30","guid":{"rendered":"http:\/\/ltecnologia.com.br\/blog\/?page_id=1087"},"modified":"2021-09-28T14:02:35","modified_gmt":"2021-09-28T14:02:35","slug":"compilador-online-python","status":"publish","type":"page","link":"http:\/\/ltecnologia.com.br\/blog\/compilador-online-python\/","title":{"rendered":"Compilador Online &#8211; Python"},"content":{"rendered":"<p><iframe loading=\"lazy\" src=\"https:\/\/trinket.io\/embed\/python\/f522c73b9d\" width=\"100%\" height=\"356\" frameborder=\"0\" marginwidth=\"0\" marginheight=\"0\" allowfullscreen><\/iframe><\/p>\n","protected":false},"excerpt":{"rendered":"","protected":false},"author":1,"featured_media":0,"parent":0,"menu_order":0,"comment_status":"closed","ping_status":"closed","template":"","meta":{"jetpack_post_was_ever_published":false,"footnotes":""},"class_list":["post-1087","page","type-page","status-publish","hentry"],"yoast_head":"<!-- This site is optimized with the Yoast SEO plugin v22.6 - https:\/\/yoast.com\/wordpress\/plugins\/seo\/ -->\n<title>Compilador Online - Python - Luan Oliveira<\/title>\n<meta name=\"robots\" content=\"index, follow, max-snippet:-1, max-image-preview:large, max-video-preview:-1\" \/>\n<link rel=\"canonical\" href=\"https:\/\/ltecnologia.com.br\/blog\/compilador-online-python\/\" \/>\n<meta property=\"og:locale\" content=\"pt_BR\" \/>\n<meta property=\"og:type\" content=\"article\" \/>\n<meta property=\"og:title\" content=\"Compilador Online - Python - Luan Oliveira\" \/>\n<meta property=\"og:url\" content=\"https:\/\/ltecnologia.com.br\/blog\/compilador-online-python\/\" \/>\n<meta property=\"og:site_name\" content=\"Luan Oliveira\" \/>\n<meta property=\"article:modified_time\" content=\"2021-09-28T14:02:35+00:00\" \/>\n<meta name=\"twitter:card\" content=\"summary_large_image\" \/>\n<script type=\"application\/ld+json\" class=\"yoast-schema-graph\">{\"@context\":\"https:\/\/schema.org\",\"@graph\":[{\"@type\":\"WebPage\",\"@id\":\"https:\/\/ltecnologia.com.br\/blog\/compilador-online-python\/\",\"url\":\"https:\/\/ltecnologia.com.br\/blog\/compilador-online-python\/\",\"name\":\"Compilador Online - Python - Luan Oliveira\",\"isPartOf\":{\"@id\":\"http:\/\/ltecnologia.com.br\/blog\/#website\"},\"datePublished\":\"2021-09-28T14:02:30+00:00\",\"dateModified\":\"2021-09-28T14:02:35+00:00\",\"breadcrumb\":{\"@id\":\"https:\/\/ltecnologia.com.br\/blog\/compilador-online-python\/#breadcrumb\"},\"inLanguage\":\"pt-BR\",\"potentialAction\":[{\"@type\":\"ReadAction\",\"target\":[\"https:\/\/ltecnologia.com.br\/blog\/compilador-online-python\/\"]}]},{\"@type\":\"BreadcrumbList\",\"@id\":\"https:\/\/ltecnologia.com.br\/blog\/compilador-online-python\/#breadcrumb\",\"itemListElement\":[{\"@type\":\"ListItem\",\"position\":1,\"name\":\"In\u00edcio\",\"item\":\"http:\/\/ltecnologia.com.br\/blog\/\"},{\"@type\":\"ListItem\",\"position\":2,\"name\":\"Compilador Online &#8211; Python\"}]},{\"@type\":\"WebSite\",\"@id\":\"http:\/\/ltecnologia.com.br\/blog\/#website\",\"url\":\"http:\/\/ltecnologia.com.br\/blog\/\",\"name\":\"Luan Oliveira\",\"description\":\"Linux | Programa\u00e7\u00e3o | Seguran\u00e7a\",\"publisher\":{\"@id\":\"http:\/\/ltecnologia.com.br\/blog\/#\/schema\/person\/b692f08d20eee7bee61862cf98a2cb40\"},\"potentialAction\":[{\"@type\":\"SearchAction\",\"target\":{\"@type\":\"EntryPoint\",\"urlTemplate\":\"http:\/\/ltecnologia.com.br\/blog\/?s={search_term_string}\"},\"query-input\":\"required name=search_term_string\"}],\"inLanguage\":\"pt-BR\"},{\"@type\":[\"Person\",\"Organization\"],\"@id\":\"http:\/\/ltecnologia.com.br\/blog\/#\/schema\/person\/b692f08d20eee7bee61862cf98a2cb40\",\"name\":\"Luan Oliveira\",\"image\":{\"@type\":\"ImageObject\",\"inLanguage\":\"pt-BR\",\"@id\":\"http:\/\/ltecnologia.com.br\/blog\/#\/schema\/person\/image\/\",\"url\":\"https:\/\/secure.gravatar.com\/avatar\/f333f4f98204ee523e984e240be5b77b?s=96&d=retro&r=g\",\"contentUrl\":\"https:\/\/secure.gravatar.com\/avatar\/f333f4f98204ee523e984e240be5b77b?s=96&d=retro&r=g\",\"caption\":\"Luan Oliveira\"},\"logo\":{\"@id\":\"http:\/\/ltecnologia.com.br\/blog\/#\/schema\/person\/image\/\"},\"description\":\"Me chamo Luan Oliveira, P\u00f3s-graduado em Projetos e Arquitetura de Cloud Computing e bacharel em Sistemas de Informa\u00e7\u00e3o pela UFPA. Atualmente, trabalho como Analista de Sistemas na For\u00e7a A\u00e9rea Brasileira.\",\"sameAs\":[\"http:\/\/www.ltecnologia.com.br\"]}]}<\/script>\n<!-- \/ Yoast SEO plugin. -->","yoast_head_json":{"title":"Compilador Online - Python - Luan Oliveira","robots":{"index":"index","follow":"follow","max-snippet":"max-snippet:-1","max-image-preview":"max-image-preview:large","max-video-preview":"max-video-preview:-1"},"canonical":"https:\/\/ltecnologia.com.br\/blog\/compilador-online-python\/","og_locale":"pt_BR","og_type":"article","og_title":"Compilador Online - Python - Luan Oliveira","og_url":"https:\/\/ltecnologia.com.br\/blog\/compilador-online-python\/","og_site_name":"Luan Oliveira","article_modified_time":"2021-09-28T14:02:35+00:00","twitter_card":"summary_large_image","schema":{"@context":"https:\/\/schema.org","@graph":[{"@type":"WebPage","@id":"https:\/\/ltecnologia.com.br\/blog\/compilador-online-python\/","url":"https:\/\/ltecnologia.com.br\/blog\/compilador-online-python\/","name":"Compilador Online - Python - Luan Oliveira","isPartOf":{"@id":"http:\/\/ltecnologia.com.br\/blog\/#website"},"datePublished":"2021-09-28T14:02:30+00:00","dateModified":"2021-09-28T14:02:35+00:00","breadcrumb":{"@id":"https:\/\/ltecnologia.com.br\/blog\/compilador-online-python\/#breadcrumb"},"inLanguage":"pt-BR","potentialAction":[{"@type":"ReadAction","target":["https:\/\/ltecnologia.com.br\/blog\/compilador-online-python\/"]}]},{"@type":"BreadcrumbList","@id":"https:\/\/ltecnologia.com.br\/blog\/compilador-online-python\/#breadcrumb","itemListElement":[{"@type":"ListItem","position":1,"name":"In\u00edcio","item":"http:\/\/ltecnologia.com.br\/blog\/"},{"@type":"ListItem","position":2,"name":"Compilador Online &#8211; Python"}]},{"@type":"WebSite","@id":"http:\/\/ltecnologia.com.br\/blog\/#website","url":"http:\/\/ltecnologia.com.br\/blog\/","name":"Luan Oliveira","description":"Linux | Programa\u00e7\u00e3o | Seguran\u00e7a","publisher":{"@id":"http:\/\/ltecnologia.com.br\/blog\/#\/schema\/person\/b692f08d20eee7bee61862cf98a2cb40"},"potentialAction":[{"@type":"SearchAction","target":{"@type":"EntryPoint","urlTemplate":"http:\/\/ltecnologia.com.br\/blog\/?s={search_term_string}"},"query-input":"required name=search_term_string"}],"inLanguage":"pt-BR"},{"@type":["Person","Organization"],"@id":"http:\/\/ltecnologia.com.br\/blog\/#\/schema\/person\/b692f08d20eee7bee61862cf98a2cb40","name":"Luan Oliveira","image":{"@type":"ImageObject","inLanguage":"pt-BR","@id":"http:\/\/ltecnologia.com.br\/blog\/#\/schema\/person\/image\/","url":"https:\/\/secure.gravatar.com\/avatar\/f333f4f98204ee523e984e240be5b77b?s=96&d=retro&r=g","contentUrl":"https:\/\/secure.gravatar.com\/avatar\/f333f4f98204ee523e984e240be5b77b?s=96&d=retro&r=g","caption":"Luan Oliveira"},"logo":{"@id":"http:\/\/ltecnologia.com.br\/blog\/#\/schema\/person\/image\/"},"description":"Me chamo Luan Oliveira, P\u00f3s-graduado em Projetos e Arquitetura de Cloud Computing e bacharel em Sistemas de Informa\u00e7\u00e3o pela UFPA. Atualmente, trabalho como Analista de Sistemas na For\u00e7a A\u00e9rea Brasileira.","sameAs":["http:\/\/www.ltecnologia.com.br"]}]}},"jetpack_sharing_enabled":true,"jetpack_shortlink":"https:\/\/wp.me\/P6BRyf-hx","_links":{"self":[{"href":"http:\/\/ltecnologia.com.br\/blog\/wp-json\/wp\/v2\/pages\/1087","targetHints":{"allow":["GET"]}}],"collection":[{"href":"http:\/\/ltecnologia.com.br\/blog\/wp-json\/wp\/v2\/pages"}],"about":[{"href":"http:\/\/ltecnologia.com.br\/blog\/wp-json\/wp\/v2\/types\/page"}],"author":[{"embeddable":true,"href":"http:\/\/ltecnologia.com.br\/blog\/wp-json\/wp\/v2\/users\/1"}],"replies":[{"embeddable":true,"href":"http:\/\/ltecnologia.com.br\/blog\/wp-json\/wp\/v2\/comments?post=1087"}],"version-history":[{"count":1,"href":"http:\/\/ltecnologia.com.br\/blog\/wp-json\/wp\/v2\/pages\/1087\/revisions"}],"predecessor-version":[{"id":1088,"href":"http:\/\/ltecnologia.com.br\/blog\/wp-json\/wp\/v2\/pages\/1087\/revisions\/1088"}],"wp:attachment":[{"href":"http:\/\/ltecnologia.com.br\/blog\/wp-json\/wp\/v2\/media?parent=1087"}],"curies":[{"name":"wp","href":"https:\/\/api.w.org\/{rel}","templated":true}]}}